{"id":686,"date":"2020-09-17T13:09:19","date_gmt":"2020-09-17T13:09:19","guid":{"rendered":"http:\/\/ogrupoparaiso.com.br\/paraiso\/?page_id=686"},"modified":"2021-02-05T12:55:42","modified_gmt":"2021-02-05T12:55:42","slug":"falecimentos-ipero","status":"publish","type":"page","link":"http:\/\/ogrupoparaiso.com.br\/paraiso\/falecimentos-ipero\/","title":{"rendered":"Falecimentos Ipero"},"content":{"rendered":"\t\t<div data-elementor-type=\"wp-page\" data-elementor-id=\"686\" class=\"elementor elementor-686\" data-elementor-post-type=\"page\">\n\t\t\t\t\t\t<section class=\"elementor-section elementor-top-section elementor-element elementor-element-fdb13fd elementor-section-boxed elementor-section-height-default elementor-section-height-default\" data-id=\"fdb13fd\" data-element_type=\"section\">\n\t\t\t\t\t\t<div class=\"elementor-container elementor-column-gap-default\">\n\t\t\t\t\t<div class=\"elementor-column elementor-col-100 elementor-top-column elementor-element elementor-element-a477d37\" data-id=\"a477d37\" data-element_type=\"column\">\n\t\t\t<div class=\"elementor-widget-wrap\">\n\t\t\t\t\t\t\t<\/div>\n\t\t<\/div>\n\t\t\t\t\t<\/div>\n\t\t<\/section>\n\t\t\t\t<section class=\"elementor-section elementor-top-section elementor-element elementor-element-b6e1de9 elementor-section-boxed elementor-section-height-default elementor-section-height-default\" data-id=\"b6e1de9\" data-element_type=\"section\" data-settings=\"{&quot;background_background&quot;:&quot;classic&quot;}\">\n\t\t\t\t\t\t<div class=\"elementor-container elementor-column-gap-default\">\n\t\t\t\t\t<div class=\"elementor-column elementor-col-100 elementor-top-column elementor-element elementor-element-cbc7e04\" data-id=\"cbc7e04\" data-element_type=\"column\">\n\t\t\t<div class=\"elementor-widget-wrap elementor-element-populated\">\n\t\t\t\t\t\t<div class=\"elementor-element elementor-element-b462999 elementor-widget elementor-widget-image\" data-id=\"b462999\" data-element_type=\"widget\" data-widget_type=\"image.default\">\n\t\t\t\t<div class=\"elementor-widget-container\">\n\t\t\t\t\t\t\t\t\t\t\t\t\t\t\t<img decoding=\"async\" src=\"http:\/\/ogrupoparaiso.com.br\/paraiso\/wp-content\/uploads\/elementor\/thumbs\/fundo_faixa2-oufsq1efmk9ontgovw9skbqkj3dx4s3w9ppdupwy3c.png\" title=\"fundo_faixa2\" alt=\"fundo_faixa2\" loading=\"lazy\" \/>\t\t\t\t\t\t\t\t\t\t\t\t\t\t\t<\/div>\n\t\t\t\t<\/div>\n\t\t\t\t\t<\/div>\n\t\t<\/div>\n\t\t\t\t\t<\/div>\n\t\t<\/section>\n\t\t\t\t<section class=\"elementor-section elementor-top-section elementor-element elementor-element-2c3c5aa elementor-section-boxed elementor-section-height-default elementor-section-height-default\" data-id=\"2c3c5aa\" data-element_type=\"section\">\n\t\t\t\t\t\t<div class=\"elementor-container elementor-column-gap-default\">\n\t\t\t\t\t<div class=\"elementor-column elementor-col-100 elementor-top-column elementor-element elementor-element-35a4c55\" data-id=\"35a4c55\" data-element_type=\"column\">\n\t\t\t<div class=\"elementor-widget-wrap\">\n\t\t\t\t\t\t\t<\/div>\n\t\t<\/div>\n\t\t\t\t\t<\/div>\n\t\t<\/section>\n\t\t\t\t<section class=\"elementor-section elementor-top-section elementor-element elementor-element-e48a307 elementor-section-full_width elementor-section-height-default elementor-section-height-default\" data-id=\"e48a307\" data-element_type=\"section\" data-settings=\"{&quot;background_background&quot;:&quot;gradient&quot;,&quot;shape_divider_bottom&quot;:&quot;clouds&quot;}\">\n\t\t\t\t\t<div class=\"elementor-shape elementor-shape-bottom\" data-negative=\"false\">\n\t\t\t<svg xmlns=\"http:\/\/www.w3.org\/2000\/svg\" viewBox=\"0 0 283.5 27.8\" preserveAspectRatio=\"xMidYMax slice\">\n  <path class=\"elementor-shape-fill\" d=\"M0 0v6.7c1.9-.8 4.7-1.4 8.5-1 9.5 1.1 11.1 6 11.1 6s2.1-.7 4.3-.2c2.1.5 2.8 2.6 2.8 2.6s.2-.5 1.4-.7c1.2-.2 1.7.2 1.7.2s0-2.1 1.9-2.8c1.9-.7 3.6.7 3.6.7s.7-2.9 3.1-4.1 4.7 0 4.7 0 1.2-.5 2.4 0 1.7 1.4 1.7 1.4h1.4c.7 0 1.2.7 1.2.7s.8-1.8 4-2.2c3.5-.4 5.3 2.4 6.2 4.4.4-.4 1-.7 1.8-.9 2.8-.7 4 .7 4 .7s1.7-5 11.1-6c9.5-1.1 12.3 3.9 12.3 3.9s1.2-4.8 5.7-5.7c4.5-.9 6.8 1.8 6.8 1.8s.6-.6 1.5-.9c.9-.2 1.9-.2 1.9-.2s5.2-6.4 12.6-3.3c7.3 3.1 4.7 9 4.7 9s1.9-.9 4 0 2.8 2.4 2.8 2.4 1.9-1.2 4.5-1.2 4.3 1.2 4.3 1.2.2-1 1.4-1.7 2.1-.7 2.1-.7-.5-3.1 2.1-5.5 5.7-1.4 5.7-1.4 1.5-2.3 4.2-1.1c2.7 1.2 1.7 5.2 1.7 5.2s.3-.1 1.3.5c.5.4.8.8.9 1.1.5-1.4 2.4-5.8 8.4-4 7.1 2.1 3.5 8.9 3.5 8.9s.8-.4 2 0 1.1 1.1 1.1 1.1 1.1-1.1 2.3-1.1 2.1.5 2.1.5 1.9-3.6 6.2-1.2 1.9 6.4 1.9 6.4 2.6-2.4 7.4 0c3.4 1.7 3.9 4.9 3.9 4.9s3.3-6.9 10.4-7.9 11.5 2.6 11.5 2.6.8 0 1.2.2c.4.2.9.9.9.9s4.4-3.1 8.3.2c1.9 1.7 1.5 5 1.5 5s.3-1.1 1.6-1.4c1.3-.3 2.3.2 2.3.2s-.1-1.2.5-1.9 1.9-.9 1.9-.9-4.7-9.3 4.4-13.4c5.6-2.5 9.2.9 9.2.9s5-6.2 15.9-6.2 16.1 8.1 16.1 8.1.7-.2 1.6-.4V0H0z\"\/>\n<\/svg>\n\t\t<\/div>\n\t\t\t\t\t<div class=\"elementor-container elementor-column-gap-default\">\n\t\t\t\t\t<div class=\"elementor-column elementor-col-100 elementor-top-column elementor-element elementor-element-950df2a\" data-id=\"950df2a\" data-element_type=\"column\">\n\t\t\t<div class=\"elementor-widget-wrap elementor-element-populated\">\n\t\t\t\t\t\t<div class=\"elementor-element elementor-element-a962503 elementor-widget elementor-widget-text-editor\" data-id=\"a962503\" data-element_type=\"widget\" data-widget_type=\"text-editor.default\">\n\t\t\t\t<div class=\"elementor-widget-container\">\n\t\t\t\t\t\t\t\t\t<h1><strong><img fetchpriority=\"high\" decoding=\"async\" class=\"aligncenter\" src=\"http:\/\/ogrupoparaiso.com.br\/paraiso\/wp-content\/uploads\/2020\/03\/grupo_paraiso_logo_png-1-297x300.png\" alt=\"\" width=\"296\" height=\"300\" \/><\/strong><strong>&#8220;Unindo dedica\u00e7\u00e3o e amor no atendimento a fam\u00edlia&#8221;<\/strong><\/h1><h1><strong>SETEMBRO 2020<\/strong><\/h1><p><strong>12 de Setembro de 2020<\/strong><\/p><p>+ TEREZINHA COSTA DE SOUZA, 61 anos<br \/>Sepultamento:\u00a0 12 de Setembro de 2020, 13:00hr<br \/>Cemit\u00e9rio Municipal de Iper\u00f3<\/p><p>&#8211;<\/p>\t\t\t\t\t\t\t\t<\/div>\n\t\t\t\t<\/div>\n\t\t\t\t\t<\/div>\n\t\t<\/div>\n\t\t\t\t\t<\/div>\n\t\t<\/section>\n\t\t\t\t<\/div>\n\t\t","protected":false},"excerpt":{"rendered":"<p>&#8220;Unindo dedica\u00e7\u00e3o e amor no atendimento a fam\u00edlia&#8221; SETEMBRO 2020 12 de Setembro de 2020 + TEREZINHA COSTA DE SOUZA, 61 anosSepultamento:\u00a0 12 de Setembro de 2020, 13:00hrCemit\u00e9rio Municipal de Iper\u00f3 &#8211;<\/p>\n","protected":false},"author":1,"featured_media":0,"parent":0,"menu_order":0,"comment_status":"closed","ping_status":"closed","template":"elementor_canvas","meta":{"footnotes":""},"class_list":["post-686","page","type-page","status-publish","hentry"],"_links":{"self":[{"href":"http:\/\/ogrupoparaiso.com.br\/paraiso\/wp-json\/wp\/v2\/pages\/686","targetHints":{"allow":["GET"]}}],"collection":[{"href":"http:\/\/ogrupoparaiso.com.br\/paraiso\/wp-json\/wp\/v2\/pages"}],"about":[{"href":"http:\/\/ogrupoparaiso.com.br\/paraiso\/wp-json\/wp\/v2\/types\/page"}],"author":[{"embeddable":true,"href":"http:\/\/ogrupoparaiso.com.br\/paraiso\/wp-json\/wp\/v2\/users\/1"}],"replies":[{"embeddable":true,"href":"http:\/\/ogrupoparaiso.com.br\/paraiso\/wp-json\/wp\/v2\/comments?post=686"}],"version-history":[{"count":4,"href":"http:\/\/ogrupoparaiso.com.br\/paraiso\/wp-json\/wp\/v2\/pages\/686\/revisions"}],"predecessor-version":[{"id":1056,"href":"http:\/\/ogrupoparaiso.com.br\/paraiso\/wp-json\/wp\/v2\/pages\/686\/revisions\/1056"}],"wp:attachment":[{"href":"http:\/\/ogrupoparaiso.com.br\/paraiso\/wp-json\/wp\/v2\/media?parent=686"}],"curies":[{"name":"wp","href":"https:\/\/api.w.org\/{rel}","templated":true}]}}