{"id":522,"date":"2020-08-19T19:12:26","date_gmt":"2020-08-19T19:12:26","guid":{"rendered":"http:\/\/ogrupoparaiso.com.br\/paraiso\/?page_id=522"},"modified":"2023-05-21T23:49:10","modified_gmt":"2023-05-21T23:49:10","slug":"falecimento-porangaba","status":"publish","type":"page","link":"http:\/\/ogrupoparaiso.com.br\/paraiso\/falecimento-porangaba\/","title":{"rendered":"Falecimento &#8211; Porangaba"},"content":{"rendered":"\t\t<div data-elementor-type=\"wp-page\" data-elementor-id=\"522\" class=\"elementor elementor-522\" data-elementor-post-type=\"page\">\n\t\t\t\t\t\t<section class=\"elementor-section elementor-top-section elementor-element elementor-element-75c637d elementor-section-boxed elementor-section-height-default elementor-section-height-default\" data-id=\"75c637d\" data-element_type=\"section\" data-settings=\"{&quot;background_background&quot;:&quot;classic&quot;}\">\n\t\t\t\t\t\t<div class=\"elementor-container elementor-column-gap-default\">\n\t\t\t\t\t<div class=\"elementor-column elementor-col-100 elementor-top-column elementor-element elementor-element-2f01636\" data-id=\"2f01636\" data-element_type=\"column\">\n\t\t\t<div class=\"elementor-widget-wrap elementor-element-populated\">\n\t\t\t\t\t\t<div class=\"elementor-element elementor-element-d38352f elementor-widget elementor-widget-text-editor\" data-id=\"d38352f\" data-element_type=\"widget\" data-widget_type=\"text-editor.default\">\n\t\t\t\t<div class=\"elementor-widget-container\">\n\t\t\t\t\t\t\t\t\t<h1><strong><img fetchpriority=\"high\" decoding=\"async\" class=\"aligncenter\" src=\"http:\/\/ogrupoparaiso.com.br\/paraiso\/wp-content\/uploads\/2020\/03\/grupo_paraiso_logo_png-1-297x300.png\" alt=\"\" width=\"296\" height=\"300\" \/><\/strong><\/h1><h1><strong>&#8220;PORANGABA&#8221;<\/strong><\/h1><h1><strong>&#8220;Unindo dedica\u00e7\u00e3o e amor no atendimento a fam\u00edlia&#8221;<\/strong><\/h1><h1><strong>NOVEMBRO 2022<\/strong><\/h1><p><b>30\/11\/2022<\/b><\/p><p><strong>+Faleceu em Porangaba+<br \/>+CRISLAINE DA MATA, 27 anos<br \/><\/strong>Vel\u00f3rio ser\u00e1 30\/11\/2022 \u00e1 partir das 10:30 hr<br \/>Sepultamento ser\u00e1 as 30\/11\/2022 \u00e1s 13:30 hr<br \/>Cemit\u00e9rio Municipal de Porangaba<\/p><p><b>12\/11\/2022<\/b><\/p><p><strong>+Faleceu em Botucatu+<br \/>+FRANCISCA DE OLIVEIRA MIRANDA, 96 anos<br \/><\/strong>Sem Vel\u00f3rio\u00a0<br \/>Sepultamento ser\u00e1 as 13\/11\/2022 \u00e1s 10:00 hr<br \/>Cemit\u00e9rio Municipal de Porangaba<\/p><h1><strong>OUTUBRO 2022<\/strong><\/h1><p><b>22\/10\/2022<\/b><\/p><p><strong>+Faleceu em Porangaba+<br \/>+CLAUDIO MENDES PEREIRA, 64 anos<br \/><\/strong>Vel\u00f3rio ser\u00e1 22\/10\/2022 \u00e1 partir das 11:30 hr<br \/>Sepultamento ser\u00e1 as 22\/10\/2022 \u00e1s 15:00 hr<br \/>Cemit\u00e9rio Municipal de Porangaba<\/p><h1><strong>SETEMBRO 2022<\/strong><\/h1><p><b>28\/9\/2022<\/b><\/p><p><strong>+ LOURIVAL TEOTONIO DA SILVA, 78 anos<br \/><\/strong>Vel\u00f3rio ser\u00e1 28\/9\/2022 \u00e1 partir das 9:00 hr<br \/>Sepultamento ser\u00e1 as 28\/9\/2022 \u00e1s 12:00 hr<br \/>Cemit\u00e9rio Municipal da Paz Ces\u00e1rio Lange<\/p><h1><strong>DEZEMBRO 2021<\/strong><\/h1><p><b>27\/12\/2021<\/b><\/p><p><strong>+ PEDOR DA MOTA, 68 anos<br \/><\/strong>Vel\u00f3rio ser\u00e1 28\/12\/2021 \u00e1 partir das 10:00 hr<br \/>Sepultamento ser\u00e1 as 28\/12\/2021 \u00e1s 13:00 hr<br \/>Cemit\u00e9rio Municipal de Porangaba<\/p><h1><strong>NOVEMBRO 2021<\/strong><\/h1><p><b>8\/11\/2021<\/b><\/p><p><strong>+ VERA LUCIA SIVIRINO COIMBRA, 56 anos<br \/><\/strong>Vel\u00f3rio ser\u00e1 9\/11\/2021 \u00e1 partir das 10:00 hr<br \/>Sepultamento ser\u00e1 as 9\/11\/2021 \u00e1s 12:00 hr<br \/>Cemit\u00e9rio Municipal de Porangaba<\/p><h1><strong>ABRIL 2021<\/strong><\/h1><p><b>9\/4\/2021<\/b><\/p><p><strong>+ BENEDITO GERALDO LOPES, 94 anos<\/strong><br \/>Sepultamento ser\u00e1 as <strong>16:00 hr<\/strong><br \/>Cemit\u00e9rio Municipal de Porangaba<\/p><p>+++++++++++++++++++++++++<\/p><h1><strong><img fetchpriority=\"high\" decoding=\"async\" class=\"aligncenter\" src=\"http:\/\/ogrupoparaiso.com.br\/paraiso\/wp-content\/uploads\/2020\/03\/grupo_paraiso_logo_png-1-297x300.png\" alt=\"\" width=\"296\" height=\"300\" \/><\/strong><strong>&#8220;Unindo dedica\u00e7\u00e3o e amor no atendimento a fam\u00edlia&#8221;<\/strong><\/h1><h1><strong>MAR\u00c7O 2021<\/strong><\/h1><p><b>18\/03\/2021<\/b><\/p><p><strong>+ EL\u00cdDIO DE SOUZA TORRES, 66 anos<\/strong><br \/>Sepultamento ser\u00e1 as 9:40 hr<br \/>Cemit\u00e9rio Municipal de Porangaba<\/p><p>++++++++++++++++++++++++++<\/p><h1><strong><img fetchpriority=\"high\" decoding=\"async\" class=\"aligncenter\" src=\"http:\/\/ogrupoparaiso.com.br\/paraiso\/wp-content\/uploads\/2020\/03\/grupo_paraiso_logo_png-1-297x300.png\" alt=\"\" width=\"296\" height=\"300\" \/><\/strong><strong>&#8220;Unindo dedica\u00e7\u00e3o e amor no atendimento a fam\u00edlia&#8221;<\/strong><\/h1><h1><strong>JANEIRO 2021<\/strong><\/h1><p><b>28\/01\/2021<\/b><\/p><p><strong>+ LAZARO NOGUEIRA DA SILVA, 85 anos<\/strong><br \/>Sepultamento ser\u00e1 as 17:00 hr<br \/>Cemit\u00e9rio Municipal de Porangaba<\/p><p>++++++++++++++++++++++++++<\/p><p><b>7\/01\/2021<\/b><\/p><p><strong>+ ANTONIO DE JESUS SOARES,<\/strong><br \/>Sepultamento ser\u00e1 as 15:00 hr<br \/>Cemit\u00e9rio Municipal de Porangaba<\/p><p>++++++++++++++++++++++++++<\/p><h1><strong><img fetchpriority=\"high\" decoding=\"async\" class=\"aligncenter\" src=\"http:\/\/ogrupoparaiso.com.br\/paraiso\/wp-content\/uploads\/2020\/03\/grupo_paraiso_logo_png-1-297x300.png\" alt=\"\" width=\"296\" height=\"300\" \/><\/strong><strong>&#8220;Unindo dedica\u00e7\u00e3o e amor no atendimento a fam\u00edlia&#8221;<\/strong><\/h1><h1><strong>NOVEMBRO 2020<\/strong><\/h1><p><b>20\/11\/2020<\/b><\/p><p><strong>+ JOS\u00c9 LUIZ DE ALBUQUERQUE, 56 anos<\/strong><br \/>Cemit\u00e9rio Municipal de Porangaba<\/p><p>++++++++++++++++++++++++++<\/p><h1><strong><img fetchpriority=\"high\" decoding=\"async\" class=\"aligncenter\" src=\"http:\/\/ogrupoparaiso.com.br\/paraiso\/wp-content\/uploads\/2020\/03\/grupo_paraiso_logo_png-1-297x300.png\" alt=\"\" width=\"296\" height=\"300\" \/><\/strong><strong>&#8220;Unindo dedica\u00e7\u00e3o e amor no atendimento a fam\u00edlia&#8221;<\/strong><\/h1><h1><strong>SETEMBRO 2020<\/strong><\/h1><p><b>14\/01\/2020<\/b><\/p><p><strong>+ EDSON BRANCO, 70 anos<\/strong><br \/>Cemit\u00e9rio Municipal de Porangaba<\/p><p>++++++++++++++++++++++++++<\/p><h1><strong><img fetchpriority=\"high\" decoding=\"async\" class=\"aligncenter\" src=\"http:\/\/ogrupoparaiso.com.br\/paraiso\/wp-content\/uploads\/2020\/03\/grupo_paraiso_logo_png-1-297x300.png\" alt=\"\" width=\"296\" height=\"300\" \/><\/strong><strong>&#8220;Unindo dedica\u00e7\u00e3o e amor no atendimento a fam\u00edlia&#8221;<\/strong><\/h1><h1><strong>AGOSTO 2020<\/strong><\/h1><p><b>21\/08\/2020<\/b><\/p><p><strong>+ IRACINO FERREIRA DA SILVA, 78 anos<\/strong><br \/>Cemit\u00e9rio\u00a0 Municipal de Porangaba<\/p><p>++++++++++++++++++++++++++<\/p><p><b>19\/08\/2020<\/b><\/p><p><strong>+ DIVALDO RUFINO DA SILVA, 75 anos<\/strong><br \/>Sepultamento: 19 de Agosto de 2020, as 13:30 hr<br \/>Cemit\u00e9rio Municipal de Porangaba<\/p>\t\t\t\t\t\t\t\t<\/div>\n\t\t\t\t<\/div>\n\t\t\t\t\t<\/div>\n\t\t<\/div>\n\t\t\t\t\t<\/div>\n\t\t<\/section>\n\t\t\t\t<\/div>\n\t\t","protected":false},"excerpt":{"rendered":"<p>&#8220;PORANGABA&#8221; &#8220;Unindo dedica\u00e7\u00e3o e amor no atendimento a fam\u00edlia&#8221; NOVEMBRO 2022 30\/11\/2022 +Faleceu em Porangaba++CRISLAINE DA MATA, 27 anosVel\u00f3rio ser\u00e1 30\/11\/2022 \u00e1 partir das 10:30 hrSepultamento ser\u00e1 as 30\/11\/2022 \u00e1s 13:30 hrCemit\u00e9rio Municipal de Porangaba 12\/11\/2022 +Faleceu em Botucatu++FRANCISCA DE OLIVEIRA MIRANDA, 96 anosSem Vel\u00f3rio\u00a0Sepultamento ser\u00e1 as 13\/11\/2022 \u00e1s 10:00 hrCemit\u00e9rio Municipal de Porangaba OUTUBRO 2022 22\/10\/2022 +Faleceu em Porangaba++CLAUDIO MENDES PEREIRA, 64 anosVel\u00f3rio ser\u00e1 22\/10\/2022 \u00e1 partir das 11:30 hrSepultamento ser\u00e1 as 22\/10\/2022 \u00e1s 15:00 hrCemit\u00e9rio Municipal de Porangaba SETEMBRO 2022 28\/9\/2022 + LOURIVAL TEOTONIO DA SILVA, 78 anosVel\u00f3rio ser\u00e1 28\/9\/2022 \u00e1 partir das 9:00 hrSepultamento ser\u00e1 as 28\/9\/2022 \u00e1s 12:00 hrCemit\u00e9rio Municipal da Paz Ces\u00e1rio Lange DEZEMBRO 2021 27\/12\/2021 + PEDOR DA MOTA, 68 anosVel\u00f3rio ser\u00e1 28\/12\/2021 \u00e1 partir das 10:00 hrSepultamento ser\u00e1 as 28\/12\/2021 \u00e1s 13:00 hrCemit\u00e9rio Municipal de Porangaba NOVEMBRO 2021 8\/11\/2021 + VERA LUCIA SIVIRINO COIMBRA, 56 anosVel\u00f3rio ser\u00e1 9\/11\/2021 \u00e1 partir das 10:00 hrSepultamento ser\u00e1 as 9\/11\/2021 \u00e1s 12:00 hrCemit\u00e9rio Municipal de Porangaba ABRIL 2021 9\/4\/2021 + BENEDITO GERALDO LOPES, 94 anosSepultamento ser\u00e1 as 16:00 hrCemit\u00e9rio Municipal de Porangaba +++++++++++++++++++++++++ &#8220;Unindo dedica\u00e7\u00e3o e amor no atendimento a fam\u00edlia&#8221; MAR\u00c7O 2021 18\/03\/2021 + EL\u00cdDIO DE SOUZA TORRES, 66 anosSepultamento ser\u00e1 as 9:40 hrCemit\u00e9rio Municipal de Porangaba ++++++++++++++++++++++++++ &#8220;Unindo dedica\u00e7\u00e3o e amor no atendimento a fam\u00edlia&#8221; JANEIRO 2021 28\/01\/2021 + LAZARO NOGUEIRA DA SILVA, 85 anosSepultamento ser\u00e1 as 17:00 hrCemit\u00e9rio Municipal de Porangaba ++++++++++++++++++++++++++ 7\/01\/2021 + ANTONIO DE JESUS SOARES,Sepultamento ser\u00e1 as 15:00 hrCemit\u00e9rio Municipal de Porangaba ++++++++++++++++++++++++++ &#8220;Unindo dedica\u00e7\u00e3o e amor no atendimento a fam\u00edlia&#8221; NOVEMBRO 2020 20\/11\/2020 + JOS\u00c9 LUIZ DE ALBUQUERQUE, 56 anosCemit\u00e9rio Municipal de Porangaba ++++++++++++++++++++++++++ &#8220;Unindo dedica\u00e7\u00e3o e amor no atendimento a fam\u00edlia&#8221; SETEMBRO 2020 14\/01\/2020 + EDSON BRANCO, 70 anosCemit\u00e9rio Municipal de Porangaba ++++++++++++++++++++++++++ &#8220;Unindo dedica\u00e7\u00e3o e amor no atendimento a fam\u00edlia&#8221; AGOSTO 2020 21\/08\/2020 + IRACINO FERREIRA DA SILVA, 78 anosCemit\u00e9rio\u00a0 Municipal de Porangaba ++++++++++++++++++++++++++ 19\/08\/2020 + DIVALDO RUFINO DA SILVA, 75 anosSepultamento: 19 de Agosto de 2020, as 13:30 hrCemit\u00e9rio Municipal de Porangaba<\/p>\n","protected":false},"author":1,"featured_media":0,"parent":0,"menu_order":0,"comment_status":"closed","ping_status":"closed","template":"elementor_canvas","meta":{"footnotes":""},"class_list":["post-522","page","type-page","status-publish","hentry"],"_links":{"self":[{"href":"http:\/\/ogrupoparaiso.com.br\/paraiso\/wp-json\/wp\/v2\/pages\/522","targetHints":{"allow":["GET"]}}],"collection":[{"href":"http:\/\/ogrupoparaiso.com.br\/paraiso\/wp-json\/wp\/v2\/pages"}],"about":[{"href":"http:\/\/ogrupoparaiso.com.br\/paraiso\/wp-json\/wp\/v2\/types\/page"}],"author":[{"embeddable":true,"href":"http:\/\/ogrupoparaiso.com.br\/paraiso\/wp-json\/wp\/v2\/users\/1"}],"replies":[{"embeddable":true,"href":"http:\/\/ogrupoparaiso.com.br\/paraiso\/wp-json\/wp\/v2\/comments?post=522"}],"version-history":[{"count":38,"href":"http:\/\/ogrupoparaiso.com.br\/paraiso\/wp-json\/wp\/v2\/pages\/522\/revisions"}],"predecessor-version":[{"id":5768,"href":"http:\/\/ogrupoparaiso.com.br\/paraiso\/wp-json\/wp\/v2\/pages\/522\/revisions\/5768"}],"wp:attachment":[{"href":"http:\/\/ogrupoparaiso.com.br\/paraiso\/wp-json\/wp\/v2\/media?parent=522"}],"curies":[{"name":"wp","href":"https:\/\/api.w.org\/{rel}","templated":true}]}}